{"id":67,"date":"2022-08-03T21:13:36","date_gmt":"2022-08-03T19:13:36","guid":{"rendered":"https:\/\/sv-berger.de\/?page_id=67"},"modified":"2022-08-03T21:13:36","modified_gmt":"2022-08-03T19:13:36","slug":"ausruestungen","status":"publish","type":"page","link":"https:\/\/sv-berger.de\/?page_id=67","title":{"rendered":"Ausr\u00fcstungen"},"content":{"rendered":"\n<p><em>Bei der Beurteilungen von Fahrzeugsch\u00e4den und -zust\u00e4nden helfen uns vor Ort \u201eAuto-Messfix\u201c &#8211; Te\u00adle\u00adskop- und \u201eCarCheck\u201c &#8211; Systeme sowie eine Endoskop &#8211; Kamera aber auch ein Dellenspiegel. Ge\u00adtrof\u00adfene Feststellungen werden dabei zur Beweissicherung digitaltechnisch mit Lichtbildaufnahmen ge\u00adsichert. Zur Bearbeitung der t\u00e4glichen Arbeit steht unserem Unternehmen ein modernes und re\u00adgel\u00adm\u00e4\u00dfig ajour gehaltenes EDV-System mit einer professionellen Datensicherung zur Verf\u00fcgung. Stan\u00addard\u00adm\u00e4\u00dfig zu bearbeitenden Fahrzeugsch\u00e4den werden in unserem Unternehmen sowohl mittels der DAT- als auch Audatex &#8211; Kalkulations\u2011 und Bewertungssysteme vorkalkuliert. Da infolge der viel\u00adz\u00e4h\u00adli\u00adgen Fahrzeugdatens\u00e4tze und der unz\u00e4hlig jeweils verschiedenen darin enthaltenen Fahr\u00adzeug\u00adpa\u00adra\u00adme\u00adter die reinen EDV-Auswertungen sowohl bei Kalkulationen aber auch bei Bewertungen vielfach nicht den realen Gegebenheiten (Fahrzeugausstattungen, Ersatzteile, Lohn- und Lackierumf\u00e4nge) ent\u00adspre\u00adchen und eine unkontrollierte \u00dcbernahmen der dargebotenen Ergebnisse daher auch immer wie\u00adder zu Fehleinsch\u00e4tzungen f\u00fchren, werden die abgerufenen EDV-Auswertungen in unserem B\u00fcro de\u00adtail\u00adliert gepr\u00fcft und bei erforderlich werdenden Anpassungen an die tats\u00e4chlichen Verh\u00e4ltnisse an\u00adge\u00adpasst.<\/em><\/p>\n","protected":false},"excerpt":{"rendered":"<p>Bei der Beurteilungen von Fahrzeugsch\u00e4den und -zust\u00e4nden helfen uns vor Ort \u201eAuto-Messfix\u201c &#8211; Te\u00adle\u00adskop- und \u201eCarCheck\u201c &#8211; Systeme sowie eine Endoskop &#8211; Kamera aber auch ein Dellenspiegel. Ge\u00adtrof\u00adfene Feststellungen werden dabei zur Beweissicherung digitaltechnisch mit Lichtbildaufnahmen ge\u00adsichert. Zur Bearbeitung der t\u00e4glichen Arbeit steht unserem Unternehmen ein modernes und re\u00adgel\u00adm\u00e4\u00dfig ajour gehaltenes EDV-System mit einer professionellen&hellip; <a class=\"more-link\" href=\"https:\/\/sv-berger.de\/?page_id=67\"><span class=\"screen-reader-text\">Ausr\u00fcstungen<\/span> weiterlesen<\/a><\/p>\n","protected":false},"author":1,"featured_media":0,"parent":0,"menu_order":0,"comment_status":"closed","ping_status":"closed","template":"","meta":{"footnotes":""},"class_list":["post-67","page","type-page","status-publish","hentry","entry"],"_links":{"self":[{"href":"https:\/\/sv-berger.de\/index.php?rest_route=\/wp\/v2\/pages\/67","targetHints":{"allow":["GET"]}}],"collection":[{"href":"https:\/\/sv-berger.de\/index.php?rest_route=\/wp\/v2\/pages"}],"about":[{"href":"https:\/\/sv-berger.de\/index.php?rest_route=\/wp\/v2\/types\/page"}],"author":[{"embeddable":true,"href":"https:\/\/sv-berger.de\/index.php?rest_route=\/wp\/v2\/users\/1"}],"replies":[{"embeddable":true,"href":"https:\/\/sv-berger.de\/index.php?rest_route=%2Fwp%2Fv2%2Fcomments&post=67"}],"version-history":[{"count":1,"href":"https:\/\/sv-berger.de\/index.php?rest_route=\/wp\/v2\/pages\/67\/revisions"}],"predecessor-version":[{"id":69,"href":"https:\/\/sv-berger.de\/index.php?rest_route=\/wp\/v2\/pages\/67\/revisions\/69"}],"wp:attachment":[{"href":"https:\/\/sv-berger.de\/index.php?rest_route=%2Fwp%2Fv2%2Fmedia&parent=67"}],"curies":[{"name":"wp","href":"https:\/\/api.w.org\/{rel}","templated":true}]}}