{"id":63,"date":"2022-08-03T21:12:40","date_gmt":"2022-08-03T19:12:40","guid":{"rendered":"https:\/\/sv-berger.de\/?page_id=63"},"modified":"2022-08-07T02:16:04","modified_gmt":"2022-08-07T00:16:04","slug":"historie","status":"publish","type":"page","link":"https:\/\/sv-berger.de\/?page_id=63","title":{"rendered":"Historie"},"content":{"rendered":"\n<p><em>Unser unabh\u00e4ngiges Sachverst\u00e4ndigenb\u00fcro f\u00fcr das Kraftfahrzeugwesen wurde am 01. Juli 1984 von Klaus und Annegret Berger an der Baldurstrasse 52 in 46284 Dorsten in einem bei dem dort an\u00adge\u00adsie\u00ad\u00addelten Abschlepp- und Bergungsdienst Paul Berger, dem Vater von Klaus Berger, eingerichteten B\u00fc\u00adro gegr\u00fcndet. Als Dipl.-Ing. der Fahrzeugtechnik ist Herr Berger von Beginn an mit der Erstellung al\u00ad\u00adler auf dem Fahrzeugsektor ben\u00f6tigten Gutachten befasst. Die Buchhaltung und vollst\u00e4ndige B\u00fcro\u00ador\u00adga\u00adnisation liegen dagegen seit der Gr\u00fcndung in den H\u00e4nden seiner Ehegattin Annegret Berger. Durch die kontinuierliche Entwicklung wurde es in den erstbezogenen R\u00e4um\u00adlichkeiten zu eng, so\u00addass am 01. Juli 1989 ein von den B\u00fcroinhabern an gleicher Anschrift neu erbautes B\u00fcrogeb\u00e4ude be\u00adzogen wer\u00adden konnte.<\/em><\/p>\n","protected":false},"excerpt":{"rendered":"<p>Unser unabh\u00e4ngiges Sachverst\u00e4ndigenb\u00fcro f\u00fcr das Kraftfahrzeugwesen wurde am 01. Juli 1984 von Klaus und Annegret Berger an der Baldurstrasse 52 in 46284 Dorsten in einem bei dem dort an\u00adge\u00adsie\u00ad\u00addelten Abschlepp- und Bergungsdienst Paul Berger, dem Vater von Klaus Berger, eingerichteten B\u00fc\u00adro gegr\u00fcndet. Als Dipl.-Ing. der Fahrzeugtechnik ist Herr Berger von Beginn an mit der Erstellung&hellip; <a class=\"more-link\" href=\"https:\/\/sv-berger.de\/?page_id=63\"><span class=\"screen-reader-text\">Historie<\/span> weiterlesen<\/a><\/p>\n","protected":false},"author":1,"featured_media":0,"parent":0,"menu_order":0,"comment_status":"closed","ping_status":"closed","template":"","meta":{"footnotes":""},"class_list":["post-63","page","type-page","status-publish","hentry","entry"],"_links":{"self":[{"href":"https:\/\/sv-berger.de\/index.php?rest_route=\/wp\/v2\/pages\/63","targetHints":{"allow":["GET"]}}],"collection":[{"href":"https:\/\/sv-berger.de\/index.php?rest_route=\/wp\/v2\/pages"}],"about":[{"href":"https:\/\/sv-berger.de\/index.php?rest_route=\/wp\/v2\/types\/page"}],"author":[{"embeddable":true,"href":"https:\/\/sv-berger.de\/index.php?rest_route=\/wp\/v2\/users\/1"}],"replies":[{"embeddable":true,"href":"https:\/\/sv-berger.de\/index.php?rest_route=%2Fwp%2Fv2%2Fcomments&post=63"}],"version-history":[{"count":2,"href":"https:\/\/sv-berger.de\/index.php?rest_route=\/wp\/v2\/pages\/63\/revisions"}],"predecessor-version":[{"id":113,"href":"https:\/\/sv-berger.de\/index.php?rest_route=\/wp\/v2\/pages\/63\/revisions\/113"}],"wp:attachment":[{"href":"https:\/\/sv-berger.de\/index.php?rest_route=%2Fwp%2Fv2%2Fmedia&parent=63"}],"curies":[{"name":"wp","href":"https:\/\/api.w.org\/{rel}","templated":true}]}}