{"id":47,"date":"2022-08-03T20:53:30","date_gmt":"2022-08-03T18:53:30","guid":{"rendered":"https:\/\/sv-berger.de\/?page_id=47"},"modified":"2022-08-03T20:53:30","modified_gmt":"2022-08-03T18:53:30","slug":"aggregate-gutachten","status":"publish","type":"page","link":"https:\/\/sv-berger.de\/?page_id=47","title":{"rendered":"Aggregate-Gutachten"},"content":{"rendered":"\n<p><em>Bei an Aggregaten und sonstigen Bauteilen von Fahrzeugen eingetretenen M\u00e4ngeln, Sch\u00e4\u00adden oder gar Ausf\u00e4llen stellt sich insbesondere dann, wenn diese we\u00adnig sp\u00e4ter nach dem Kauf eines Fahrzeuges oder aber einer vorangegangenen Reparatur auf\u00adge\u00adtre\u00adten sind, h\u00e4ufig die Frage, wo\u00adrin die Ursache des Schadens begr\u00fcndet war, um ggf. et\u00adwaig daraus resultierende Haftungs- oder aber Regressanspr\u00fcche geltend machen zu k\u00f6nnen. Da die Ursache eines Schadens hierf\u00fcr in der Regel aber nicht allein aus\u00adrei\u00adchend ist, bedarf es nicht nur der Feststellungen, ab wann die Ursache f\u00fcr einen auf\u00adgetretenen Ausfall vorgelegen hat, sondern auch etwaiger Erkenntnisse dar\u00fcber, ob sich die Ursache f\u00fcr den Schadeneintritt bereits zuvor erkennbar dargestellte und der Man\u00adgel bei entsprechend wahrnehmbaren Anzeichen und rechtzeitigen Ab\u00adhil\u00adfe\u00adma\u00df\u00adnah\u00admen h\u00e4tte vermieden werden k\u00f6nnen.<\/em><\/p>\n","protected":false},"excerpt":{"rendered":"<p>Bei an Aggregaten und sonstigen Bauteilen von Fahrzeugen eingetretenen M\u00e4ngeln, Sch\u00e4\u00adden oder gar Ausf\u00e4llen stellt sich insbesondere dann, wenn diese we\u00adnig sp\u00e4ter nach dem Kauf eines Fahrzeuges oder aber einer vorangegangenen Reparatur auf\u00adge\u00adtre\u00adten sind, h\u00e4ufig die Frage, wo\u00adrin die Ursache des Schadens begr\u00fcndet war, um ggf. et\u00adwaig daraus resultierende Haftungs- oder aber Regressanspr\u00fcche geltend machen&hellip; <a class=\"more-link\" href=\"https:\/\/sv-berger.de\/?page_id=47\"><span class=\"screen-reader-text\">Aggregate-Gutachten<\/span> weiterlesen<\/a><\/p>\n","protected":false},"author":1,"featured_media":0,"parent":0,"menu_order":0,"comment_status":"closed","ping_status":"closed","template":"","meta":{"footnotes":""},"class_list":["post-47","page","type-page","status-publish","hentry","entry"],"_links":{"self":[{"href":"https:\/\/sv-berger.de\/index.php?rest_route=\/wp\/v2\/pages\/47","targetHints":{"allow":["GET"]}}],"collection":[{"href":"https:\/\/sv-berger.de\/index.php?rest_route=\/wp\/v2\/pages"}],"about":[{"href":"https:\/\/sv-berger.de\/index.php?rest_route=\/wp\/v2\/types\/page"}],"author":[{"embeddable":true,"href":"https:\/\/sv-berger.de\/index.php?rest_route=\/wp\/v2\/users\/1"}],"replies":[{"embeddable":true,"href":"https:\/\/sv-berger.de\/index.php?rest_route=%2Fwp%2Fv2%2Fcomments&post=47"}],"version-history":[{"count":1,"href":"https:\/\/sv-berger.de\/index.php?rest_route=\/wp\/v2\/pages\/47\/revisions"}],"predecessor-version":[{"id":49,"href":"https:\/\/sv-berger.de\/index.php?rest_route=\/wp\/v2\/pages\/47\/revisions\/49"}],"wp:attachment":[{"href":"https:\/\/sv-berger.de\/index.php?rest_route=%2Fwp%2Fv2%2Fmedia&parent=47"}],"curies":[{"name":"wp","href":"https:\/\/api.w.org\/{rel}","templated":true}]}}