{"id":41,"date":"2022-08-03T20:45:26","date_gmt":"2022-08-03T18:45:26","guid":{"rendered":"https:\/\/sv-berger.de\/?page_id=41"},"modified":"2022-08-03T20:45:26","modified_gmt":"2022-08-03T18:45:26","slug":"bewertungen","status":"publish","type":"page","link":"https:\/\/sv-berger.de\/?page_id=41","title":{"rendered":"Bewertungen"},"content":{"rendered":"\n<p><em>Sie m\u00f6chten Ihr Fahrzeug ver\u00e4u\u00dfern? Welcher Wert ist f\u00fcr Ihr Kfz. ma\u00dfgebend? Ist es der Wiederbeschaffungswert, der Einkaufswert, der Verkaufswert, der Zeitwert, der Markt\u00ad\u00adwert oder gar der Restwert? Diese Fragen kl\u00e4ren wir mit Ihnen im Zuge eines Vor\u00ad\u00adgespr\u00e4ches, um Ihnen dann mit unserer auftragsabschlie\u00dfenden <\/em><em><strong>Be\u00adwer\u00adtungs\u00adur\u00adkun\u00adde<\/strong><\/em><em> einen objektiven \u00dcberblick des f\u00fcr Sie realisierbaren Fahrzeugwertes zu geben.<\/em><\/p>\n\n\n\n<p><em>M\u00f6chten Sie dagegen ein Fahrzeug erwerben, sind sich aber hinsichtlich des Fahr\u00adzeug\u00adzu\u00ad\u00adstan\u00addes und des ausgezeichneten Kaufpreises nicht schl\u00fcssig, dann stellen Sie uns das Fahrzeug zu einer Pr\u00fcfung vor. Mit Beendigung unserer Beauftragung erhalten Sie von uns einen technischen <\/em><em><strong>Fzg.-Zustandsbericht<\/strong><\/em><em> einschlie\u00dflich einer vollst\u00e4ndigen Ein\u00ad\u00admessung der jeweiligen Lackschichtdicken, in dem dann auch der <\/em><em><strong>markgerechte Fzg.-Kaufpreis<\/strong><\/em><em> ausgewiesen ist.<\/em><\/p>\n\n\n\n<p><em>Haben Sie dagegen ein automobiles Schmuckst\u00fcck oder ein sogenanntes Lieb\u00adha\u00adber\u00adfahr\u00ad\u00adzeug (Young-, Oldtimer oder sonstige Klassiker) in Ihrem Besitz, f\u00fcr das Sie, um f\u00fcr al\u00adle m\u00f6glichen Eventualit\u00e4ten gewappnet zu sein, den Nachweis des realen Ge\u00adsamt\u00adzu\u00adstan\u00addes und auch des aktuellen Marktwertes gesichert und in der Hand haben m\u00f6ch\u00adten, stehen wir Ihnen auch hier mit unserem Rat und der Erstellung eines objektiv markt\u00adgerechten Wert\u00adgutachtens hilfreich zur Seite.<\/em><\/p>\n","protected":false},"excerpt":{"rendered":"<p>Sie m\u00f6chten Ihr Fahrzeug ver\u00e4u\u00dfern? Welcher Wert ist f\u00fcr Ihr Kfz. ma\u00dfgebend? Ist es der Wiederbeschaffungswert, der Einkaufswert, der Verkaufswert, der Zeitwert, der Markt\u00ad\u00adwert oder gar der Restwert? Diese Fragen kl\u00e4ren wir mit Ihnen im Zuge eines Vor\u00ad\u00adgespr\u00e4ches, um Ihnen dann mit unserer auftragsabschlie\u00dfenden Be\u00adwer\u00adtungs\u00adur\u00adkun\u00adde einen objektiven \u00dcberblick des f\u00fcr Sie realisierbaren Fahrzeugwertes zu geben.&hellip; <a class=\"more-link\" href=\"https:\/\/sv-berger.de\/?page_id=41\"><span class=\"screen-reader-text\">Bewertungen<\/span> weiterlesen<\/a><\/p>\n","protected":false},"author":1,"featured_media":0,"parent":0,"menu_order":0,"comment_status":"closed","ping_status":"closed","template":"","meta":{"footnotes":""},"class_list":["post-41","page","type-page","status-publish","hentry","entry"],"_links":{"self":[{"href":"https:\/\/sv-berger.de\/index.php?rest_route=\/wp\/v2\/pages\/41","targetHints":{"allow":["GET"]}}],"collection":[{"href":"https:\/\/sv-berger.de\/index.php?rest_route=\/wp\/v2\/pages"}],"about":[{"href":"https:\/\/sv-berger.de\/index.php?rest_route=\/wp\/v2\/types\/page"}],"author":[{"embeddable":true,"href":"https:\/\/sv-berger.de\/index.php?rest_route=\/wp\/v2\/users\/1"}],"replies":[{"embeddable":true,"href":"https:\/\/sv-berger.de\/index.php?rest_route=%2Fwp%2Fv2%2Fcomments&post=41"}],"version-history":[{"count":1,"href":"https:\/\/sv-berger.de\/index.php?rest_route=\/wp\/v2\/pages\/41\/revisions"}],"predecessor-version":[{"id":43,"href":"https:\/\/sv-berger.de\/index.php?rest_route=\/wp\/v2\/pages\/41\/revisions\/43"}],"wp:attachment":[{"href":"https:\/\/sv-berger.de\/index.php?rest_route=%2Fwp%2Fv2%2Fmedia&parent=41"}],"curies":[{"name":"wp","href":"https:\/\/api.w.org\/{rel}","templated":true}]}}