{"id":35,"date":"2022-08-03T20:40:31","date_gmt":"2022-08-03T18:40:31","guid":{"rendered":"https:\/\/sv-berger.de\/?page_id=35"},"modified":"2022-08-03T20:44:44","modified_gmt":"2022-08-03T18:44:44","slug":"unfallschadengutachten","status":"publish","type":"page","link":"https:\/\/sv-berger.de\/?page_id=35","title":{"rendered":"Unfallschadengutachten"},"content":{"rendered":"\n<p>Ihr Fahrzeug hat durch das Verschulden eines anderen einen Schaden erfahren? Dann sollten Sie jetzt der Herr des Geschehens bleiben und sich die Dinge, die nun er\u00adforderlich wer\u00adden, nicht von dem, der f\u00fcr den entstandenen Schaden einzutreten hat, aus der Hand nehmen lassen. Bedenken Sie: <strong>\u201eAusschlie\u00dflich Sie und ein in ge\u00adbo\u00adte\u00adner Weise von Ihnen hinzugezogener Jurist bewahren Ihre Interessen, wenn es darum geht, den Ihnen entstandenen Schaden finanziell so auszugleichen, als w\u00e4re das sch\u00e4digende Ereignis nicht eingetreten\u201c<\/strong>. Der Sch\u00e4diger bzw. Er\u00adsatz\u00adpflichtige wird Ihnen nicht objektiv mitteilen, wie er Ihren Scha\u00adden finanziell aus\u00adzu\u00adgleichen hat. Seine gegen\u00fcber den Gesch\u00e4digten \u00fcblicherweise wirt\u00adschaft\u00adlich ge\u00adge\u00adbe\u00adne \u00dcbermacht wird ein schadeneintrittspflichtiger Versicherer in der Re\u00adgel im Hin\u00adblick auf seine positive Unternehmensbilanz einzig und allein dazu nutzen, um mit ein\u00adem in den letzten Jahren nicht endendem Einfallsreichtum intensiv zu ver\u00adsu\u00adchen, sein\u00aden finanziell zu leistenden Schadenersatz so gering wie irgend nur m\u00f6glich zu gestalten. Die unz\u00e4hlig bereits getroffenen Gerichtsentscheide zu den immer glei\u00adchen, aber den\u00adnoch regelm\u00e4\u00dfig wieder neu in Frage gestellten Ersatzanspr\u00fcchen spre\u00adchen hier f\u00fcr sich.<\/p>\n\n\n\n<p>Mit einem von uns erstellten <strong>Haftpflichtschadengutachten<\/strong> zeigen wir die Ihn\u00aden zur Schadenbehebung offenstehenden M\u00f6g\u00adlich\u00adkei\u00adten auf. Dies kann eine Fahr\u00adzeug\u00adre\u00adpa\u00adra\u00adtur oder aber auch eine etwaige Fahrzeugersatzbeschaffung sein. Im Rahmen des ju\u00adris\u00adti\u00adschen Rahmens bestimmen ausschlie\u00dflich Sie und nicht der Scha\u00adden\u00adein\u00adtritts\u00adpflich\u00adti\u00adge, wel\u00adcher der optionalen Wege f\u00fcr Sie der Richtige ist. Bis zur vollst\u00e4ndigen Ab\u00adwi\u00adcklung des Ereignisses begleiten wir Sie technisch be\u00adratend. Dies gilt insbesondere bei von scha\u00addenersatzpflichtigen Versicherern eingeholten sogenannten Pr\u00fcfberichten, die Ihn\u00ad\u00aden haltlos als sogenannte Sachverst\u00e4ndigenfeststellung vorgelegt werden. Tat\u00ads\u00e4ch\u00adlich sind diese zum Teil von versicherungseigenen Konzerngesellschaften erstellten Pr\u00fcf\u00adberichte je\u00addoch weder objektiv, noch werden sie durch anerkannte Sach\u00adver\u00adst\u00e4n\u00addi\u00adge erarbeitet. Hierbei handelt es sich bei den oft verfasserlos gedruckten Schrifts\u00e4tzen, die anhand von eingescannten Scha\u00adden\u00addo\u00adku\u00admen\u00adten nach ein\u00adem dem Dienst\u00adleis\u00adtungs\u00adun\u00adternehmen vom Versicherer konkret vorgegebenen Auftrag \u00fcber die in Abzug zu bring\u00adenden Positionen vorwiegend und v\u00f6llig haltlos durch entsprechend pro\u00adgram\u00admier\u00adte EDV-Systeme er\u00adstellt werden. Dies ist auch der Anlass, dass Gerichte in an\u00adsteh\u00aden\u00adden Verfahren diese Schriftst\u00fccke immer wieder als unverwertbar ablehnen und ver\u00adwer\u00adfen. Sprechen Sie uns an. Wir beraten Sie gerne hin\u00adsicht\u00adlich der technischen Not\u00adwen\u00addigkeiten zur Wiederherstellung Ihres Fahrzeuges oder ab\u00ader auch einer etwaigen Fahr\u00adzeugersatzbeschaffung sowie der Ver\u00adwer\u00adtungs\u00adm\u00f6g\u00adlich\u00adkei\u00adten eines in Ihrem Besitz ver\u00adbleibenden Unfallfahrzeuges.<\/p>\n\n\n\n<p>Wenn Sie jedoch mit Ihrem Fahrzeug einen Schaden erfahren haben, f\u00fcr den Sie einen et\u00adwaig f\u00fcr das Kfz. bestehenden Kaskoversicherungsvertrag in Anspruch nehmen, ha\u00adben sie in der Regel f\u00fcr die Bezahlung eines von Ihnen in Auftrag gegebenen Sach\u00adver\u00adst\u00e4n\u00ad\u00addigengutachtens zun\u00e4chst selbst einzustehen. Gleichwohl m\u00fcssen Sie aber auch hier die oft eigenwilligen Regulierungsvorstellungen einiger am Markt agie\u00adrender Ver\u00adsi\u00adche\u00adrer nicht widerspruchlos hinnehmen. H\u00e4ufig k\u00f6nnen wir in den tech\u00adnischen Be\u00adlang\u00aden Fehleinsch\u00e4tzungen der Ver\u00adsi\u00adche\u00adrungs\u00adscha\u00adden\u00adbe\u00adar\u00adbei\u00adtung\u00aden aufdecken, die h\u00e4ufig zu Nachregulierungen der jeweiligen Schadenf\u00e4lle f\u00fchren. Sollten Sie also Zweifel an der Richtigkeit einer Ihnen von einem Kas\u00adko\u00adver\u00adsi\u00adche\u00adrer zugestandenen Schadenh\u00f6he ha\u00adben, sprechen Sie uns an, damit wir in einer un\u00adverbindlichen Vorberatung kl\u00e4ren k\u00f6n\u00adnen, ob und in welchem Umfang eine anhand der Ihn\u00aden vorgelegten Ab\u00adrech\u00adnungs\u00adun\u00ad\u00adterlagen eine technisch objektive Pr\u00fcfung sinnvoll und er\u00adfolg\u00adversprechend ist.<\/p>\n","protected":false},"excerpt":{"rendered":"<p>Ihr Fahrzeug hat durch das Verschulden eines anderen einen Schaden erfahren? Dann sollten Sie jetzt der Herr des Geschehens bleiben und sich die Dinge, die nun er\u00adforderlich wer\u00adden, nicht von dem, der f\u00fcr den entstandenen Schaden einzutreten hat, aus der Hand nehmen lassen. Bedenken Sie: \u201eAusschlie\u00dflich Sie und ein in ge\u00adbo\u00adte\u00adner Weise von Ihnen hinzugezogener&hellip; <a class=\"more-link\" href=\"https:\/\/sv-berger.de\/?page_id=35\"><span class=\"screen-reader-text\">Unfallschadengutachten<\/span> weiterlesen<\/a><\/p>\n","protected":false},"author":1,"featured_media":0,"parent":0,"menu_order":0,"comment_status":"closed","ping_status":"closed","template":"","meta":{"footnotes":""},"class_list":["post-35","page","type-page","status-publish","hentry","entry"],"_links":{"self":[{"href":"https:\/\/sv-berger.de\/index.php?rest_route=\/wp\/v2\/pages\/35","targetHints":{"allow":["GET"]}}],"collection":[{"href":"https:\/\/sv-berger.de\/index.php?rest_route=\/wp\/v2\/pages"}],"about":[{"href":"https:\/\/sv-berger.de\/index.php?rest_route=\/wp\/v2\/types\/page"}],"author":[{"embeddable":true,"href":"https:\/\/sv-berger.de\/index.php?rest_route=\/wp\/v2\/users\/1"}],"replies":[{"embeddable":true,"href":"https:\/\/sv-berger.de\/index.php?rest_route=%2Fwp%2Fv2%2Fcomments&post=35"}],"version-history":[{"count":3,"href":"https:\/\/sv-berger.de\/index.php?rest_route=\/wp\/v2\/pages\/35\/revisions"}],"predecessor-version":[{"id":40,"href":"https:\/\/sv-berger.de\/index.php?rest_route=\/wp\/v2\/pages\/35\/revisions\/40"}],"wp:attachment":[{"href":"https:\/\/sv-berger.de\/index.php?rest_route=%2Fwp%2Fv2%2Fmedia&parent=35"}],"curies":[{"name":"wp","href":"https:\/\/api.w.org\/{rel}","templated":true}]}}